{"id":74,"date":"2016-03-29T13:22:39","date_gmt":"2016-03-29T13:22:39","guid":{"rendered":"http:\/\/www.estheticplus.ch\/haarentfernung\/?page_id=74"},"modified":"2025-06-15T13:49:40","modified_gmt":"2025-06-15T13:49:40","slug":"home-1","status":"publish","type":"page","link":"https:\/\/www.estheticplus.ch\/web\/","title":{"rendered":"Ihr Vorteil"},"content":{"rendered":"[vc_row][vc_column][vc_column_text]<p><\/p>\n<div class=\"wp-block-spacer\" style=\"height: 100px;\" aria-hidden=\"true\">\u00a0<\/div>\n<p><\/p>\n<p><\/p>\n<h2 class=\"wp-block-heading\">Tattoo &amp; Haarentferung<\/h2>\n<p><\/p>\n<p><\/p>\n<div class=\"wp-block-columns is-layout-flex wp-container-core-columns-is-layout-9d6595d7 wp-block-columns-is-layout-flex\">\n<p><\/p>\n<div class=\"wp-block-column is-layout-flow wp-block-column-is-layout-flow\">\n<p><\/p>\n<p>Herzlich Wilkommen!<\/p>\n<p><\/p>\n<p><\/p>\n<p class=\".textbig\">Bei Esthetic Plus werden Sie pers\u00f6nlich und ganzheitlich beraten. Ich erkl\u00e4re Ihnen wie eine Laser Tattoo und Haarentfernung funktioniert, f\u00fcr wen sie geeignet ist und was im Anschluss daran zu beachten ist. Das Beratungsgespr\u00e4ch dauert ca.45 min-bis 1 Stunde und bleibt in jedem Fall kostenlos, auch wenn Sie bei mir nur eine 2. Meinung einholen m\u00f6chten.<\/p>\n<p><\/p>\n<\/div>\n<p><\/p>\n<p><\/p>\n<div class=\"wp-block-column is-layout-flow wp-block-column-is-layout-flow\">\n<p><\/p>\n<figure class=\"wp-block-image size-large is-style-default\"><img loading=\"lazy\" decoding=\"async\" width=\"1024\" height=\"635\" class=\"wp-image-2016\" src=\"https:\/\/www.estheticplus.ch\/web\/wp-content\/uploads\/2025\/04\/V1I0586-1-scaled-e1745326135424-1024x635.jpg\" alt=\"\" srcset=\"https:\/\/www.estheticplus.ch\/web\/wp-content\/uploads\/2025\/04\/V1I0586-1-scaled-e1745326135424-1024x635.jpg 1024w, https:\/\/www.estheticplus.ch\/web\/wp-content\/uploads\/2025\/04\/V1I0586-1-scaled-e1745326135424-300x186.jpg 300w, https:\/\/www.estheticplus.ch\/web\/wp-content\/uploads\/2025\/04\/V1I0586-1-scaled-e1745326135424-768x476.jpg 768w, https:\/\/www.estheticplus.ch\/web\/wp-content\/uploads\/2025\/04\/V1I0586-1-scaled-e1745326135424-1536x953.jpg 1536w, https:\/\/www.estheticplus.ch\/web\/wp-content\/uploads\/2025\/04\/V1I0586-1-scaled-e1745326135424-2048x1270.jpg 2048w\" sizes=\"auto, (max-width: 1024px) 100vw, 1024px\" \/><\/figure>\n<p><\/p>\n<\/div>\n<p><\/p>\n<\/div>\n<p><\/p>\n<p><\/p>\n<div class=\"wp-block-spacer\" style=\"height: 35px;\" aria-hidden=\"true\">\u00a0<\/div>\n<p><\/p>\n<div class=\"wp-block-image\"><\/p>\n<figure class=\"aligncenter size-full\"><img loading=\"lazy\" decoding=\"async\" width=\"169\" height=\"20\" class=\"wp-image-1249\" style=\"object-fit: cover;\" src=\"https:\/\/www.estheticplus.ch\/web\/wp-content\/uploads\/revslider\/home-2\/Vector-Smart-Object-6.png\" alt=\"\" \/><\/figure>\n<p><\/div>\n<p><\/p>\n<div class=\"wp-block-spacer\" style=\"height: 35px;\" aria-hidden=\"true\">\u00a0<\/div>\n<p><\/p>\n<p><\/p>\n<div class=\"wp-block-columns is-layout-flex wp-container-core-columns-is-layout-9d6595d7 wp-block-columns-is-layout-flex\">\n<p><\/p>\n<div class=\"wp-block-column is-layout-flow wp-block-column-is-layout-flow\">\n<p><\/p>\n<p><\/p>\n<p><\/p>\n<p><\/p>\n<p><\/p>\n<p class=\".textbig\">Haben Sie Fragen oder ben\u00f6tigen Sie eine pers\u00f6nliche Beratung?<\/p>\n<p><\/p>\n<p><\/p>\n<p>Ich freue mich auf Ihren Anruf oder eine Nachricht.<\/p>\n<p><\/p>\n<p><\/p>\n<p>Elisabeth Kiefer, Lasertherapeutin BAG\/V-NISSG zertifiziert.<\/p>\n<p><\/p>\n<\/div>\n<p><\/p>\n<p><\/p>\n<div class=\"wp-block-column is-layout-flow wp-block-column-is-layout-flow\">\n<p><\/p>\n<figure class=\"wp-block-image size-medium\"><img loading=\"lazy\" decoding=\"async\" width=\"222\" height=\"300\" class=\"wp-image-2103\" src=\"https:\/\/www.estheticplus.ch\/web\/wp-content\/uploads\/2025\/05\/kiefer-hell-1-222x300.png\" alt=\"\" srcset=\"https:\/\/www.estheticplus.ch\/web\/wp-content\/uploads\/2025\/05\/kiefer-hell-1-222x300.png 222w, https:\/\/www.estheticplus.ch\/web\/wp-content\/uploads\/2025\/05\/kiefer-hell-1.png 688w\" sizes=\"auto, (max-width: 222px) 100vw, 222px\" \/><\/figure>\n<p><\/p>\n<\/div>\n<p><\/p>\n<\/div>\n<p><\/p>\n<div class=\"wp-block-image\"><\/p>\n<figure class=\"aligncenter size-full\"><img loading=\"lazy\" decoding=\"async\" width=\"169\" height=\"20\" class=\"wp-image-1249\" style=\"object-fit: cover;\" src=\"https:\/\/www.estheticplus.ch\/web\/wp-content\/uploads\/revslider\/home-2\/Vector-Smart-Object-6.png\" alt=\"\" \/><\/figure>\n<p><\/div>\n<p><\/p>\n<div class=\"wp-block-spacer\" style=\"height: 35px;\" aria-hidden=\"true\">\u00a0<\/div>\n<p><\/p>\n<p><\/p>\n<div class=\"wp-block-columns is-layout-flex wp-container-core-columns-is-layout-9d6595d7 wp-block-columns-is-layout-flex\">\n<p><\/p>\n<div class=\"wp-block-column is-layout-flow wp-block-column-is-layout-flow\">\n<div class=\"wp-block-image\"><\/p>\n<figure class=\"aligncenter size-medium\"><a href=\"https:\/\/www.estheticplus.ch\/web\/tattoo-entfernung\/\"><img loading=\"lazy\" decoding=\"async\" width=\"240\" height=\"300\" class=\"wp-image-2077\" src=\"https:\/\/www.estheticplus.ch\/web\/wp-content\/uploads\/2025\/04\/tattoo-entfernung-240x300.png\" alt=\"\" srcset=\"https:\/\/www.estheticplus.ch\/web\/wp-content\/uploads\/2025\/04\/tattoo-entfernung-240x300.png 240w, https:\/\/www.estheticplus.ch\/web\/wp-content\/uploads\/2025\/04\/tattoo-entfernung.png 400w\" sizes=\"auto, (max-width: 240px) 100vw, 240px\" \/><\/a><\/figure>\n<p><\/div>\n<\/div>\n<p><\/p>\n<p><\/p>\n<div class=\"wp-block-column is-layout-flow wp-block-column-is-layout-flow\">\n<div class=\"wp-block-image\"><\/p>\n<figure class=\"aligncenter size-medium\"><a href=\"https:\/\/www.estheticplus.ch\/web\/behandlung\/\"><img loading=\"lazy\" decoding=\"async\" width=\"240\" height=\"300\" class=\"wp-image-2093\" src=\"https:\/\/www.estheticplus.ch\/web\/wp-content\/uploads\/2025\/05\/siuky-skin-240x300.png\" alt=\"\" srcset=\"https:\/\/www.estheticplus.ch\/web\/wp-content\/uploads\/2025\/05\/siuky-skin-240x300.png 240w, https:\/\/www.estheticplus.ch\/web\/wp-content\/uploads\/2025\/05\/siuky-skin.png 400w\" sizes=\"auto, (max-width: 240px) 100vw, 240px\" \/><\/a><\/figure>\n<p><\/div>\n<\/div>\n<p><\/p>\n<\/div>\n<p><\/p>\n<div class=\"wp-block-image\"><\/p>\n<figure class=\"aligncenter size-full\"><img loading=\"lazy\" decoding=\"async\" width=\"169\" height=\"20\" class=\"wp-image-1249\" style=\"object-fit: cover;\" src=\"https:\/\/www.estheticplus.ch\/web\/wp-content\/uploads\/revslider\/home-2\/Vector-Smart-Object-6.png\" alt=\"\" \/><\/figure>\n<p><\/div>\n<p><\/p>\n<div class=\"wp-block-spacer\" style=\"height: 35px;\" aria-hidden=\"true\">\u00a0<\/div>\n<p><\/p>\n<p><h2 class=\"wp-block-post-title\">Ihr Vorteil<\/h2><\/p>\n<p><\/p>\n<div class=\"wp-block-columns is-layout-flex wp-container-core-columns-is-layout-9d6595d7 wp-block-columns-is-layout-flex\">\n<p><\/p>\n<div class=\"wp-block-column is-layout-flow wp-block-column-is-layout-flow\">\n<p><\/p>\n<ul class=\"wp-block-list\">\n<li style=\"list-style-type: none;\">\n<ul class=\"wp-block-list\">\n<li class=\".textbig\">Pers\u00f6nliche Beratung<\/li>\n<\/ul>\n<\/li>\n<\/ul>\n<p><\/p>\n<p><\/p>\n<ul class=\"wp-block-list\">\n<li style=\"list-style-type: none;\">\n<ul class=\"wp-block-list\">\n<li>Hochwertige Technologie<\/li>\n<\/ul>\n<\/li>\n<\/ul>\n<p><\/p>\n<p><\/p>\n<ul class=\"wp-block-list\">\n<li style=\"list-style-type: none;\">\n<ul class=\"wp-block-list\">\n<li>Bahnbrechende Erfolge<\/li>\n<\/ul>\n<\/li>\n<\/ul>\n<p><\/p>\n<p><\/p>\n<\/div>\n<p><\/p>\n<p><\/p>\n<div class=\"wp-block-column is-layout-flow wp-block-column-is-layout-flow\">\n<p><\/p>\n<ul class=\"wp-block-list\">\n<li style=\"list-style-type: none;\">\n<ul class=\"wp-block-list\">\n<li class=\".textbig\">Sorgf\u00e4ltige Arbeitsweise<\/li>\n<\/ul>\n<\/li>\n<\/ul>\n<p><\/p>\n<p><\/p>\n<ul class=\"wp-block-list\">\n<li style=\"list-style-type: none;\">\n<ul class=\"wp-block-list\">\n<li>Spezialisierung und Erfahrung seit 2005<\/li>\n<\/ul>\n<\/li>\n<\/ul>\n<p><\/p>\n<p><\/p>\n<\/div>\n<p><\/p>\n<p><\/p>\n<div class=\"wp-block-column is-layout-flow wp-block-column-is-layout-flow\">\n<p><\/p>\n<ul class=\"wp-block-list\">\n<li style=\"list-style-type: none;\">\n<ul class=\"wp-block-list\">\n<li>Hohe Behandlungssicherheit<\/li>\n<\/ul>\n<\/li>\n<\/ul>\n<p><\/p>\n<p><\/p>\n<ul class=\"wp-block-list\">\n<li style=\"list-style-type: none;\">\n<ul class=\"wp-block-list\">\n<li class=\".textbig\">BAG\/V-NISSG zertifiziert<\/li>\n<\/ul>\n<\/li>\n<\/ul>\n<p><\/p>\n<p><\/p>\n<\/div>\n<p><\/p>\n<\/div>\n<p><\/p>\n<p><\/p>\n<p><\/p>[\/vc_column_text][\/vc_column][\/vc_row]","protected":false},"excerpt":{"rendered":"<p>[vc_row][vc_column][vc_column_text] Tattoo &amp; Haarentferung Herzlich Wilkommen! Bei Esthetic Plus werden Sie pers\u00f6nlich und ganzheitlich beraten. Ich erkl\u00e4re Ihnen wie eine Laser Tattoo und Haarentfernung funktioniert, f\u00fcr wen sie geeignet ist und was im Anschluss daran zu beachten ist. Das Beratungsgespr\u00e4ch dauert ca.45 min-bis 1 Stunde und bleibt in jedem Fall kostenlos, auch wenn Sie bei [&hellip;]<\/p>\n","protected":false},"author":1,"featured_media":0,"parent":0,"menu_order":0,"comment_status":"closed","ping_status":"closed","template":"","meta":{"_monsterinsights_skip_tracking":false,"_monsterinsights_sitenote_active":false,"_monsterinsights_sitenote_note":"","_monsterinsights_sitenote_category":0,"footnotes":""},"class_list":["post-74","page","type-page","status-publish","hentry"],"aioseo_notices":[],"_links":{"self":[{"href":"https:\/\/www.estheticplus.ch\/web\/wp-json\/wp\/v2\/pages\/74","targetHints":{"allow":["GET"]}}],"collection":[{"href":"https:\/\/www.estheticplus.ch\/web\/wp-json\/wp\/v2\/pages"}],"about":[{"href":"https:\/\/www.estheticplus.ch\/web\/wp-json\/wp\/v2\/types\/page"}],"author":[{"embeddable":true,"href":"https:\/\/www.estheticplus.ch\/web\/wp-json\/wp\/v2\/users\/1"}],"replies":[{"embeddable":true,"href":"https:\/\/www.estheticplus.ch\/web\/wp-json\/wp\/v2\/comments?post=74"}],"version-history":[{"count":184,"href":"https:\/\/www.estheticplus.ch\/web\/wp-json\/wp\/v2\/pages\/74\/revisions"}],"predecessor-version":[{"id":2117,"href":"https:\/\/www.estheticplus.ch\/web\/wp-json\/wp\/v2\/pages\/74\/revisions\/2117"}],"wp:attachment":[{"href":"https:\/\/www.estheticplus.ch\/web\/wp-json\/wp\/v2\/media?parent=74"}],"curies":[{"name":"wp","href":"https:\/\/api.w.org\/{rel}","templated":true}]}}