{"id":2,"date":"2011-12-09T12:45:33","date_gmt":"2011-12-09T12:45:33","guid":{"rendered":"http:\/\/www.estheticplus.ch\/web\/?page_id=2"},"modified":"2022-03-01T18:29:45","modified_gmt":"2022-03-01T18:29:45","slug":"haarentfernung-geschenkgutschein","status":"publish","type":"page","link":"https:\/\/www.estheticplus.ch\/web\/haarentfernung-geschenkgutschein\/","title":{"rendered":"Geschenkgutschein"},"content":{"rendered":"<p>[vc_row][vc_column][vc_column_text]<\/p>\n<h1>Geschenkidee \u2013 Geschenkgutschein<\/h1>\n<p>[\/vc_column_text][vc_empty_space][vc_single_image image=&#8220;1558&#8243; img_size=&#8220;full&#8220;][vc_empty_space][\/vc_column][vc_column][vc_column_text]<\/p>\n<h3><span style=\"color: #e6745d;\"><strong>Ein Geschenkgutschein ist das perfekte Geschenk f\u00fcr jeden Anlass.<\/strong><\/span><\/h3>\n<p>[\/vc_column_text][vc_empty_space][\/vc_column][vc_column][\/vc_column][\/vc_row][vc_row][vc_column width=&#8220;1\/2&#8243;][vc_column_text el_class=&#8220;textbig&#8220;]Alle Jahre wieder stehen wir vor derselben Frage: Was schenken wir zu Feiertagen, festlichen Anl\u00e4ssen, Geburtstagen, Jubil\u00e4en?<br \/>\nWie w\u00e4re es Ihren Lieben ein bischen Zeit zur Entspannung zu schenken, Dinge \u00fcber die sich sicherlich jeder von uns freuen w\u00fcrde.<br \/>\nZum Beispiel eine dauerhafte Haarentfernung &#8211; ein Geschenk das gewiss in dauerhafter Erinnerung bleibt.[\/vc_column_text][\/vc_column][vc_column width=&#8220;1\/2&#8243;][vc_column_text el_class=&#8220;textbig&#8220;]Oder Sie beschenken sich einfach einmal selbst, schliesslich g\u00f6nnt man sich selbst h\u00e4ufig viel zu wenig.<\/p>\n<p>Hinterlassen Sie mit Ihrer Geschenkidee einen positiven Eindruck und entscheiden Sie sich f\u00fcr einen Geschenkgutschein von Estheticplus.<br \/>\nSie haben die M\u00f6glichkeit einfach und unkompliziert einen personalisierten Gutschein zu erwerben.<\/p>\n<p>Die Geschenkidee f\u00fcr Sie oder Ihn \u2013 ein Geschenkgutschein von Estheticplus Basel.<\/p>\n<p>[\/vc_column_text][\/vc_column][\/vc_row]<\/p>\n","protected":false},"excerpt":{"rendered":"<p>[vc_row][vc_column][vc_column_text] Geschenkidee \u2013 Geschenkgutschein [\/vc_column_text][vc_empty_space][vc_single_image image=&#8220;1558&#8243; img_size=&#8220;full&#8220;][vc_empty_space][\/vc_column][vc_column][vc_column_text] Ein Geschenkgutschein ist das perfekte Geschenk f\u00fcr jeden Anlass. [\/vc_column_text][vc_empty_space][\/vc_column][vc_column][\/vc_column][\/vc_row][vc_row][vc_column width=&#8220;1\/2&#8243;][vc_column_text el_class=&#8220;textbig&#8220;]Alle Jahre wieder stehen wir vor derselben Frage: Was schenken wir zu Feiertagen, festlichen Anl\u00e4ssen, Geburtstagen, Jubil\u00e4en? Wie w\u00e4re es Ihren Lieben ein bischen Zeit zur Entspannung zu schenken, Dinge \u00fcber die sich sicherlich jeder von uns [&hellip;]<\/p>\n","protected":false},"author":1,"featured_media":0,"parent":0,"menu_order":7,"comment_status":"closed","ping_status":"closed","template":"","meta":{"_monsterinsights_skip_tracking":false,"_monsterinsights_sitenote_active":false,"_monsterinsights_sitenote_note":"","_monsterinsights_sitenote_category":0,"footnotes":""},"class_list":["post-2","page","type-page","status-publish","hentry"],"aioseo_notices":[],"_links":{"self":[{"href":"https:\/\/www.estheticplus.ch\/web\/wp-json\/wp\/v2\/pages\/2","targetHints":{"allow":["GET"]}}],"collection":[{"href":"https:\/\/www.estheticplus.ch\/web\/wp-json\/wp\/v2\/pages"}],"about":[{"href":"https:\/\/www.estheticplus.ch\/web\/wp-json\/wp\/v2\/types\/page"}],"author":[{"embeddable":true,"href":"https:\/\/www.estheticplus.ch\/web\/wp-json\/wp\/v2\/users\/1"}],"replies":[{"embeddable":true,"href":"https:\/\/www.estheticplus.ch\/web\/wp-json\/wp\/v2\/comments?post=2"}],"version-history":[{"count":26,"href":"https:\/\/www.estheticplus.ch\/web\/wp-json\/wp\/v2\/pages\/2\/revisions"}],"predecessor-version":[{"id":1977,"href":"https:\/\/www.estheticplus.ch\/web\/wp-json\/wp\/v2\/pages\/2\/revisions\/1977"}],"wp:attachment":[{"href":"https:\/\/www.estheticplus.ch\/web\/wp-json\/wp\/v2\/media?parent=2"}],"curies":[{"name":"wp","href":"https:\/\/api.w.org\/{rel}","templated":true}]}}