{"id":1568,"date":"2017-03-15T12:38:29","date_gmt":"2017-03-15T12:38:29","guid":{"rendered":"http:\/\/www.estheticplus.ch\/haarentfernung\/?page_id=1568"},"modified":"2025-01-05T16:58:33","modified_gmt":"2025-01-05T16:58:33","slug":"behandlung","status":"publish","type":"page","link":"https:\/\/www.estheticplus.ch\/web\/behandlung\/","title":{"rendered":"Behandlung"},"content":{"rendered":"<p>[vc_row][vc_column][vc_raw_html]JTNDYSUyMG5hbWUlM0QlMjJ0aXBzJTIyJTNFJTNDJTJGYSUzRSUyMA==[\/vc_raw_html][vc_empty_space][vc_column_text]<\/p>\n<h1>Unsere Tips<\/h1>\n<p>[\/vc_column_text][vc_empty_space][\/vc_column][vc_column][\/vc_column][\/vc_row][vc_row][vc_column width=&#8220;1\/2&#8243;][vc_column_text]<\/p>\n<ul>\n<li>Achten Sie darauf welche Versprechen werden Ihnen gegeben. Sie sollen \u00fcbertriebene,anpreisende Werbung immer mit Vorsicht betrachten. Eine komplett schmerzfreie und zugleich effektive Behandlung gibt es leider immer noch nicht.<\/li>\n<li>Eine ausf\u00fchrliche Beratung inklusive einer Probebehandlung ist das A und O. Die Probebehandlung sollte immer auf den betroffenen K\u00f6rperfl\u00e4chen stattfinden und nicht zum Beispiel auf dem Handgelenk.<\/li>\n<li>Ihre Therapeutin \/ Therapeut sollte Sie ausf\u00fchrlich \u00fcber die Anwendung und Technik aufkl\u00e4ren.Stellen Sie in jedem Fall alle Ihre Fragen &#8211; eine seri\u00f6se Beratung inklusive Probebehandlung dauert ca. 45 Minuten.<\/li>\n<\/ul>\n<p>[\/vc_column_text][\/vc_column][vc_column width=&#8220;1\/2&#8243;][vc_column_text]<\/p>\n<ul>\n<li>Eine genaue Diagnose von Haar und Haut an betroffenen K\u00f6rperfl\u00e4chen ist ausschlaggebend f\u00fcr den Behandlungserfolg. Rote, blonde und weisse Haare k\u00f6nnen aufgrund des Melaninmangels nicht effektiv behandelt warden.<\/li>\n<li>Lassen Sie sich das Behandlungssystem zeigen und erkl\u00e4ren. Sind die Ger\u00e4te ISO und FDA zertifiziert steht ein namhafter Hersteller dahinter. Vorsicht vor no name Produkten und chinesischen F\u00e4lschungen.<\/li>\n<li>Die Enthaarungseffizienz ist nur so gut wie die Technologie die bei der Behandlung verwendet wird sowie der Experte der diese bedient. Es gibt grosse Qualit\u00e4tsunterschiede der eingesetzten hochenergetischen Lichtsysteme. Die berufliche Erfahrung ihres Therapeuten\/in ist von Vorteil um die sicheren und gleichzeitig effizienten Behandlungsparameter zu ermitteln.<\/li>\n<\/ul>\n<p>[\/vc_column_text][\/vc_column][\/vc_row][vc_row][vc_column][vc_raw_html]JTNDYSUyMG5hbWUlM0QlMjJmcmF1ZW4lMjIlM0UlM0MlMkZhJTNFJTIw[\/vc_raw_html][vc_empty_space height=&#8220;48px&#8220;][vc_column_text]<\/p>\n<h1>Haarentfernung Frauen<\/h1>\n<p>[\/vc_column_text][vc_empty_space][\/vc_column][\/vc_row][vc_row][vc_column width=&#8220;1\/2&#8243;][vc_column_text]<strong>Unerw\u00fcnschte Haare im Gesicht ?<\/strong><\/p>\n<p>Machen Sie sich Sorgen wegen Ihres unerw\u00fcnschten bzw. \u00fcberm\u00e4ssigen Haarwuchses (Hirsutismus) im Gesicht?<\/p>\n<p>Eine \u00fcberm\u00e4ssige Gesichtsbehaarung kann sich bei Frauen jedes alters entwickeln. Hirsutismus nennt man eine \u00fcberm\u00e4ssige oder unerw\u00fcnschte Behaarung bei Frauen an\u00a0 androgen abh\u00e4ngigen Stellen (d.h. dort, wo M\u00e4nner Behaart sind). So tritt Hirsutismus \u00fcblicherweise an der Oberlippe, Kinn auf der Brust oder am Bauch auf. Unter unerw\u00fcnschter Gesichtsbehaarung leiden Frauen \u00fcblicherweise am meisten.<\/p>\n<p>Hirsutismus kann durch viele verschiedene Faktoren ausgel\u00f6st werden. Er kann durch den erh\u00f6hten Spiegel eines bestimmten Hormons (z.B. in der Menopause und bei polyzystischen Eierst\u00f6cken), einer Erkrankung oder als Nebenwirkung eines Medikaments, das sie einnehmen, verursacht werden. Er kann aber auch vererbt, ein nat\u00fcrliches Zeichen auf Grund ihrer estnischen Zugeh\u00f6rigkeit sein oder durch \u00dcbergewicht verursacht.<\/p>\n<p>Wir bieten Ihnen eine respektvolle, h\u00f6chst individuelle Betreuung. Vereinbaren Sie einen kostenlosen Probetermin, Sie werden kompetent \u00fcber Erfolgsaussichten der Behandlung informiert.[\/vc_column_text][\/vc_column][vc_column width=&#8220;1\/2&#8243;][vc_column_text]<strong><img loading=\"lazy\" decoding=\"async\" class=\"size-medium wp-image-1327 alignright\" src=\"http:\/\/www.estheticplus.ch\/haarentfernung\/wp-content\/uploads\/2017\/02\/shutterstock_78489988-300x160.jpg\" alt=\"\" width=\"300\" height=\"160\" srcset=\"https:\/\/www.estheticplus.ch\/web\/wp-content\/uploads\/2017\/02\/shutterstock_78489988-300x160.jpg 300w, https:\/\/www.estheticplus.ch\/web\/wp-content\/uploads\/2017\/02\/shutterstock_78489988-768x410.jpg 768w, https:\/\/www.estheticplus.ch\/web\/wp-content\/uploads\/2017\/02\/shutterstock_78489988-1024x547.jpg 1024w\" sizes=\"auto, (max-width: 300px) 100vw, 300px\" \/>&#8222;Unten ohne&#8220; liegt im Trend!<br \/>\n<\/strong>Hygienisch, praktisch und vor allem sexy. Warum so viele Frauen ohne Schamhaar gl\u00fccklicher sind? Was in so vielen Kulturen zu festen Intimhygiene geh\u00f6rt, hat jetzt auch in westlichen L\u00e4ndern Anh\u00e4ngerinnen gefunden. Die komplette Enthaarung des Schamhaars, kurz &#8222;unten ohne&#8220; liegt total im Trend.<br \/>\nWer will, l\u00e4sst ein wenig stehen- den so genannten &#8222;landing strip&#8220;. Um in einem String Tanga esthetisch auszusehen, ist es vorteilhaft, den gesamten Bereich unterhalb des Bauchnabels ganz oder teilweise zu enthaaren &#8211; m\u00f6glichst auf Dauer.<\/p>\n<p>Viele Frauen empfinden einen Haar- losen Schambereich als hygienisch, praktisch und vor allem sexy. Sie f\u00fchlen sich gepflegt und komfortabel. Um den gew\u00fcnschten Effekt zu erreichen wird es gestutzt, gesch\u00e4umt und rasiert was die Haut aush\u00e4lt. Pickelchen und Entz\u00fcndungen sind oft Folgen. Laut Erfahrungsberichten; viele Frauen empfinden die dauerhafte Enthaarung des Intimbereiches fast so intim wie ein Besuch beim Frauenarzt. In unserem Institut steht Ihnen ein Fachpersonal zur Verf\u00fcgung. Selbstverst\u00e4ndlich k\u00f6nnen Sie bei uns von einer Frau behandelt werden.<\/p>\n<p>Haben Sie Fragen zu modernen Therapieverfahren? Lassen Sie sich kostenlos und unverbindlich beraten.[\/vc_column_text][\/vc_column][\/vc_row][vc_row][vc_column][vc_raw_html]JTNDYSUyMG5hbWUlM0QlMjJtYWVubmVyJTIyJTNFJTNDJTJGYSUzRSUyMA==[\/vc_raw_html][vc_empty_space height=&#8220;48px&#8220;][vc_column_text]<\/p>\n<h1>Haarentfernung M\u00e4nner<\/h1>\n<p>[\/vc_column_text][vc_empty_space][\/vc_column][\/vc_row][vc_row][vc_column width=&#8220;1\/2&#8243;][vc_column_text]Typisch m\u00e4nnliche Behaarung braucht ein hochqualitatives System, das in der Lage ist tiefliegende Haarwurzeln problemlos zu erreichen. Das innovative Cynosure\u00ae Plattform System verf\u00fcgt \u00fcber einzigartige Energier\u00fcckkoppelung, integrierte Kalibrierung und computergest\u00fctzte Melaninmessung. Die tiefliegenden Haarfolikel wie z.B. bei R\u00fccken, Schulter, Nacken, Brust und Bauch k\u00f6nnen souver\u00e4n erreicht und zerst\u00f6rt werden.<\/p>\n<p><strong>Information \u00fcber Haut- und Haar des Mannes:<br \/>\n<\/strong>Der Mann hat ca. 15% dickere Hautschicht als die der Frau. Die M\u00e4nnerhaut besitzt mehr und gr\u00f6ssere Talgdr\u00fcsen, dadurch schwitzt der Mann durchschnittlich mehr als die Frau. Das Haar ist dicker und sitzt tiefer im Haarfollikel.<\/p>\n<p><img loading=\"lazy\" decoding=\"async\" class=\"alignnone wp-image-1736 size-medium\" src=\"http:\/\/www.estheticplus.ch\/haarentfernung\/wp-content\/uploads\/2017\/03\/11628_0_dv1686011-300x200.jpg\" alt=\"\" width=\"300\" height=\"200\" srcset=\"https:\/\/www.estheticplus.ch\/web\/wp-content\/uploads\/2017\/03\/11628_0_dv1686011-300x200.jpg 300w, https:\/\/www.estheticplus.ch\/web\/wp-content\/uploads\/2017\/03\/11628_0_dv1686011.jpg 725w\" sizes=\"auto, (max-width: 300px) 100vw, 300px\" \/>[\/vc_column_text][\/vc_column][vc_column width=&#8220;1\/2&#8243;][vc_column_text]Ein sch\u00f6ner K\u00f6rper zeichnet sich nicht allein durch gut definierte Muskeln aus. Deshalb ist die Haarentfernung auch f\u00fcr M\u00e4nner inzwischen ein grosses Thema. \u00dcberm\u00e4ssig behaarte M\u00e4nnerk\u00f6rper sind schon lange nicht mehr angesagt. Was fr\u00fcher der ganze Stolz des Mannes war \u2013 die Brusthaare -, ist heute eine Mode- und Geschmacksfrage. Wir freuen uns \u00fcber Ihr Interesse an einer Haarentfernung und nehmen uns gerne Zeit f\u00fcr Sie.[\/vc_column_text][\/vc_column][\/vc_row][vc_row][vc_column][vc_raw_html]JTNDYSUyMG5hbWUlM0QlMjJmcmFnZW4lMjIlM0UlM0MlMkZhJTNFJTIw[\/vc_raw_html][vc_empty_space height=&#8220;48px&#8220;][vc_column_text]<\/p>\n<h1>H\u00e4ufige Fragen<\/h1>\n<p>[\/vc_column_text][vc_empty_space][\/vc_column][\/vc_row][vc_row][vc_column width=&#8220;1\/2&#8243;][vc_column_text]<strong>Wie viele Behandlungen sind notwendig?<br \/>\n<\/strong>Zu jeder Zeit befinden sich ca. 20-30% der K\u00f6rperhaare im Wachstum. Diese Haare sind f\u00fcr eine Behandlung geeignet. Der Rest befinden sich in einer Ruhephase und kann zu einem sp\u00e4teren Zeitpunkt behandelt werden. Harmonie Medizin kann in jeder Behandlung bis zu 90% der gerade wachsenden Haare entfernen. Die meisten Kunden ben\u00f6tigen 4-8 Behandlungen je nach Dicke und Farbe der Haare.<\/p>\n<table border=\"0\" width=\"100%\" cellspacing=\"0\" cellpadding=\"0\">\n<tbody>\n<tr>\n<td><\/td>\n<td valign=\"top\"><img loading=\"lazy\" decoding=\"async\" src=\"http:\/\/www.estheticplus.ch\/archive\/content_images\/phase1.jpg\" alt=\"\" width=\"75\" height=\"117\" \/><br \/>\nAnagen-Phase<br \/>\n(Wachstum)<\/td>\n<td><img loading=\"lazy\" decoding=\"async\" src=\"http:\/\/www.estheticplus.ch\/archive\/content_images\/spacer_25.gif\" alt=\"\" width=\"25\" height=\"25\" \/><\/td>\n<td valign=\"top\"><img loading=\"lazy\" decoding=\"async\" src=\"http:\/\/www.estheticplus.ch\/archive\/content_images\/phase2.jpg\" alt=\"\" width=\"75\" height=\"118\" \/><br \/>\nKatagen-Phase<br \/>\n(\u00dcbergang)<\/td>\n<td><img loading=\"lazy\" decoding=\"async\" src=\"http:\/\/www.estheticplus.ch\/archive\/content_images\/spacer_25.gif\" alt=\"\" width=\"25\" height=\"25\" \/><\/td>\n<td valign=\"top\"><img loading=\"lazy\" decoding=\"async\" src=\"http:\/\/www.estheticplus.ch\/archive\/content_images\/phase3.jpg\" alt=\"\" width=\"75\" height=\"117\" \/><br \/>\nTelogen-Phase<br \/>\n(Ruhestadium)<\/td>\n<\/tr>\n<\/tbody>\n<\/table>\n<p>&nbsp;<\/p>\n<p><strong>Was sp\u00fcrt man w\u00e4hrend der Behandlung?<br \/>\n<\/strong>Im Gegensatz zu herk\u00f6mmlichen IPL Ger\u00e4ten ist die Behandlung praktisch schmerzlos. Die meistem Menschen empfinden ein leichtes Ziehen oder Zupfen. Um das Schmerzempfinden zu minimieren, wird der Applikator w\u00e4hrend der Behandlung gek\u00fchlt. Zus\u00e4tzlich wird ein Kontaktgel zwischen der Haut und dem Applikator verwendet.<\/p>\n<p><strong>Wie lange dauert eine Sitzung?<br \/>\n<\/strong>Der Applikator bedeckt eine 6,4 cm2 grosses Hautfeld. Jede Sekunde wird ein Lichtimplus abgegeben. Somit dauert die Entfernung von l\u00e4stigen Haaren im Gesicht ca. 15 Minuten, w\u00e4hrend die Behandlung eines M\u00e4nnerr\u00fcckens oder beider Beine einer Frau ca. 1-2 Stunden dauert. Welche Rolle spielt der Hautteint? Je gr\u00f6sser der Kontrast zwischen der Haut und den Haaren ist, desto leichter sind die Haare zu behandeln. Da Menschen mit einem dunkleren Teint jedoch meistens schwarze oder dunkle Haare haben, lassen sich in den meisten F\u00e4llen auch diese Haare mit der entsprechenden Dosierung der Itensit\u00e4t entfernen. Somit ist eine Haarentfernung bis Hautteint 3 oder 4 m\u00f6glich.<\/p>\n<p><strong>Welche Rolle spielt die Haarfarbe?<\/strong><br \/>\nJe dunkler das Haar ist, umso mehr Melanin enth\u00e4lt es. Das heisst desto effektiver ist die Behandlung.[\/vc_column_text][\/vc_column][vc_column width=&#8220;1\/2&#8243;][vc_column_text]<strong>Welche Rolle spielt die Haardicke?<\/strong><br \/>\nBei Harmonie Medizin kann jeder Impuls individuell f\u00fcr die entsprechende Haardicke optimal eingestellt werden, sodass alle Haarst\u00e4rken mit dem f\u00fcr sie richtigen Impuls behandelt werden k\u00f6nnen.<\/p>\n<p><strong>Was geschieht bei der Behandlung?<\/strong><br \/>\nVon der ersten Behandlung erkl\u00e4ren wir Ihnen die genaue Funktionsweise von Harmonie Medizin. Zuerst wird an einem kleinen Hautfeld die optimalen Intensit\u00e4t entsprechend Ihrem Hautteint, Ihrer Haarfarbe und Haardicke ermittelt. Bevor die Behandlung beginnt, wird eine d\u00fcnne Schicht Kontaktgel auf die zu behandelnde Fl\u00e4che aufgetragen um eine optimale Behandlung zu gew\u00e4hren. Der Applikator selbst wird vor der Abgabe von Lichtimpulsen gek\u00fchlt. Die Haare sind nicht sofort verschwunden, sondern fallen ca. 2 &#8211; 4 Wochen nach der Behandlung aus.<\/p>\n<p><strong>Gibt es Nebenwirkungen?<\/strong><br \/>\nEinige K\u00f6rperteile reagieren empfindlicher als andere und es kann zu einer leichten R\u00f6tung der Haut kommen. Die Haut normalisiert sich jedoch nach einigen Stunden wieder. In seltenen F\u00e4llen kann eine st\u00e4rkere R\u00f6tung auftreten, vergleichbar mit einem leichten Sonnenbrand. Diese verschwindet normalerweise nach einigen Tagen. Bei ca 10% kann es zu feiner Krustenbildung kommen, die jedoch nach 2 &#8211; 3 Wochen wieder verschwindet. Aussergew\u00f6hnlich selten tritt eine vor\u00fcbergehende Teintver\u00e4nderung (heller oder dunkler) ein, welche jedoch nach 4-6 Monaten verschwindet. In der 9-j\u00e4hrigen Langzeiterfahrung mit IPL (intense pulsed light) sind bisher keine Langzeitsch\u00e4den bekannt.<\/p>\n<p><strong>Welche Fl\u00e4chen k\u00f6nnen Behandelt werden?<\/strong><br \/>\nHarmonie Medizin kann an jeder beliebigen Stelle des K\u00f6rpers und praktisch bei jedem Hauttyp eingesetzt werden. Es ist sinnvoll an einem kleinen Hautfeld zu testen,wie Sie auf die Behandlung reagieren.<\/p>\n<p><strong>Was sollte ich sonst noch wissen?<br \/>\n<\/strong>Wachsen oder zupfen Sie die Haare 6 Wochen vor der ersten Behandlung nicht. Rasieren ist erlaubt. Dasselbe gilt auch zwischen den Behandlungen. Vermeiden Sie ebenfalls 1 Woche vor und nach der Behandlung Sonnenb\u00e4der oder Solariumbesuche.[\/vc_column_text][\/vc_column][\/vc_row][vc_row][vc_column][vc_raw_html]JTNDYSUyMG5hbWUlM0QlMjJwcmVpc2UlMjIlM0UlM0MlMkZhJTNFJTIw[\/vc_raw_html][vc_empty_space height=&#8220;48px&#8220;][vc_column_text]<\/p>\n<h1>Preise<\/h1>\n<p>[\/vc_column_text][vc_empty_space][\/vc_column][\/vc_row][vc_row][vc_column][vc_column_text]Unsere Preise beziehen sich auf die maximal zu behandelnde Fl\u00e4che einer Behandlung. Die genauen Preise ermitteln wir f\u00fcr Sie gerne in einem pers\u00f6nlichen Gespr\u00e4ch und w\u00e4hrend des Behandlungsverlaufs.<\/p>\n<p>Das Beratungsgespr\u00e4ch sowie eine Testbehandlung sind selbstverst\u00e4ndlich kostenlos. Durch die hohe Effektifit\u00e4t werden bei Estheticplus f\u00fcr die dauerhafte Haarentfernung nur noch wenige Sitzungen ben\u00f6tigt.[\/vc_column_text][vc_empty_space][\/vc_column][\/vc_row][vc_row content_placement=&#8220;top&#8220;][vc_column width=&#8220;1\/2&#8243;][vc_column_text]<\/p>\n<h4>Haarentfernung Frauen<\/h4>\n<table>\n<tbody>\n<tr>\n<td width=\"300px\">Nase \/ Nasenwurzel<\/td>\n<td width=\"10px\"><\/td>\n<td width=\"100px\">30.-<\/td>\n<\/tr>\n<tr>\n<td>Oberlippe<\/td>\n<td><\/td>\n<td>60.-<\/td>\n<\/tr>\n<tr>\n<td>Kinn<\/td>\n<td><\/td>\n<td>60.-<\/td>\n<\/tr>\n<tr>\n<td>Oberlippe und Kinn<\/td>\n<td><\/td>\n<td>100.-<\/td>\n<\/tr>\n<tr>\n<td>Gesicht teilweise<\/td>\n<td><\/td>\n<td>130,- bis max. 180.-<\/td>\n<\/tr>\n<tr>\n<td>Gesicht komplett inkl. Hals<\/td>\n<td><\/td>\n<td>200.-<\/td>\n<\/tr>\n<tr>\n<td>Achseln beidseits<\/td>\n<td><\/td>\n<td>100.-<\/td>\n<\/tr>\n<tr>\n<td>Brustwarzen Frauen<\/td>\n<td><\/td>\n<td>60.-<\/td>\n<\/tr>\n<tr>\n<td>Bikini Linie<\/td>\n<td><\/td>\n<td>100.-<\/td>\n<\/tr>\n<tr>\n<td>Bikini gross &amp; Intimbereich &amp; Pospalte &amp; Nabel-Bauchlinie<\/td>\n<td><\/td>\n<td>250,-<\/td>\n<\/tr>\n<tr>\n<td>Nabel- Bauchlinie<\/td>\n<td><\/td>\n<td>60,- bis max. 100.-<\/td>\n<\/tr>\n<tr>\n<td>Unterarme inkl. Handr\u00fccken<\/td>\n<td><\/td>\n<td>190.-<\/td>\n<\/tr>\n<tr>\n<td>Unterschenkel (Inkl. Knie, F\u00fcsse und Zehen)<\/td>\n<td><\/td>\n<td>290.-<\/td>\n<\/tr>\n<tr>\n<td><\/td>\n<td><\/td>\n<td><\/td>\n<\/tr>\n<tr>\n<td><\/td>\n<td><\/td>\n<td><\/td>\n<\/tr>\n<tr>\n<td><\/td>\n<td><\/td>\n<td><\/td>\n<\/tr>\n<tr>\n<td colspan=\"3\"><\/td>\n<\/tr>\n<\/tbody>\n<\/table>\n<p>[\/vc_column_text][vc_empty_space][\/vc_column][vc_column width=&#8220;1\/2&#8243;][vc_column_text]<\/p>\n<h4>Haarentfernung spezifisch f\u00fcr M\u00e4nner<\/h4>\n<table>\n<tbody>\n<tr>\n<td width=\"300px\">Ohren<\/td>\n<td width=\"10px\"><\/td>\n<td width=\"100px\">100.-<\/td>\n<\/tr>\n<tr>\n<td>Nacken<\/td>\n<td><\/td>\n<td>100.-<\/td>\n<\/tr>\n<tr>\n<td>Brust<\/td>\n<td><\/td>\n<td>190.-<\/td>\n<\/tr>\n<tr>\n<td>Bauch<\/td>\n<td><\/td>\n<td>190.-<\/td>\n<\/tr>\n<tr>\n<td>R\u00fccken<\/td>\n<td><\/td>\n<td>300.-<\/td>\n<\/tr>\n<tr>\n<td>R\u00fccken &amp; Schultern<\/td>\n<td><\/td>\n<td>400.-<\/td>\n<\/tr>\n<tr>\n<td>Ges\u00e4ss<\/td>\n<td><\/td>\n<td>250.-<\/td>\n<\/tr>\n<tr>\n<td><\/td>\n<td><\/td>\n<td><\/td>\n<\/tr>\n<tr>\n<td><\/td>\n<td><\/td>\n<td><\/td>\n<\/tr>\n<tr>\n<td><\/td>\n<td><\/td>\n<td><\/td>\n<\/tr>\n<tr>\n<td><\/td>\n<td><\/td>\n<td><\/td>\n<\/tr>\n<tr>\n<td><\/td>\n<td><\/td>\n<td><\/td>\n<\/tr>\n<\/tbody>\n<\/table>\n<p>[\/vc_column_text][\/vc_column][\/vc_row]<\/p>\n","protected":false},"excerpt":{"rendered":"<p>[vc_row][vc_column][vc_raw_html]JTNDYSUyMG5hbWUlM0QlMjJ0aXBzJTIyJTNFJTNDJTJGYSUzRSUyMA==[\/vc_raw_html][vc_empty_space][vc_column_text] Unsere Tips [\/vc_column_text][vc_empty_space][\/vc_column][vc_column][\/vc_column][\/vc_row][vc_row][vc_column width=&#8220;1\/2&#8243;][vc_column_text] Achten Sie darauf welche Versprechen werden Ihnen gegeben. Sie sollen \u00fcbertriebene,anpreisende Werbung immer mit Vorsicht betrachten. Eine komplett schmerzfreie und zugleich effektive Behandlung gibt es leider immer noch nicht. Eine ausf\u00fchrliche Beratung inklusive einer Probebehandlung ist das A und O. Die Probebehandlung sollte immer auf den betroffenen K\u00f6rperfl\u00e4chen stattfinden und [&hellip;]<\/p>\n","protected":false},"author":1,"featured_media":0,"parent":0,"menu_order":0,"comment_status":"closed","ping_status":"closed","template":"","meta":{"_monsterinsights_skip_tracking":false,"_monsterinsights_sitenote_active":false,"_monsterinsights_sitenote_note":"","_monsterinsights_sitenote_category":0,"footnotes":""},"class_list":["post-1568","page","type-page","status-publish","hentry"],"aioseo_notices":[],"_links":{"self":[{"href":"https:\/\/www.estheticplus.ch\/web\/wp-json\/wp\/v2\/pages\/1568","targetHints":{"allow":["GET"]}}],"collection":[{"href":"https:\/\/www.estheticplus.ch\/web\/wp-json\/wp\/v2\/pages"}],"about":[{"href":"https:\/\/www.estheticplus.ch\/web\/wp-json\/wp\/v2\/types\/page"}],"author":[{"embeddable":true,"href":"https:\/\/www.estheticplus.ch\/web\/wp-json\/wp\/v2\/users\/1"}],"replies":[{"embeddable":true,"href":"https:\/\/www.estheticplus.ch\/web\/wp-json\/wp\/v2\/comments?post=1568"}],"version-history":[{"count":51,"href":"https:\/\/www.estheticplus.ch\/web\/wp-json\/wp\/v2\/pages\/1568\/revisions"}],"predecessor-version":[{"id":1992,"href":"https:\/\/www.estheticplus.ch\/web\/wp-json\/wp\/v2\/pages\/1568\/revisions\/1992"}],"wp:attachment":[{"href":"https:\/\/www.estheticplus.ch\/web\/wp-json\/wp\/v2\/media?parent=1568"}],"curies":[{"name":"wp","href":"https:\/\/api.w.org\/{rel}","templated":true}]}}