{"id":1564,"date":"2017-03-15T12:29:35","date_gmt":"2017-03-15T12:29:35","guid":{"rendered":"http:\/\/www.estheticplus.ch\/haarentfernung\/?page_id=1564"},"modified":"2017-05-03T12:15:16","modified_gmt":"2017-05-03T12:15:16","slug":"technologie","status":"publish","type":"page","link":"https:\/\/www.estheticplus.ch\/web\/technologie\/","title":{"rendered":"Technologie"},"content":{"rendered":"<p>[vc_row][vc_column][vc_column_text]Israelische und US-amerikanische Ingenieure haben eine der F\u00fchrungsrollen in der Welt der Laser Hightech-Innovationen erlangt.<br \/>\nWir verwenden das Orginal &#8222;Made in USA&#8220;,&#8220;Made in Israel&#8220;. Firmen wie Alma Lasers\u2122 und Cynosure\u00ae geh\u00f6ren weltweit zur absoluten Topliga und entwickeln eine hochkar\u00e4tige Laserelektronik.<\/p>\n<h1>Technologie SHR<\/h1>\n<p><strong>SHR \u2013 die IN-Motion\u2122 -Technologie von Alma Lasers\u2122<\/strong><br \/>\nDie SHR Technologie zielt nur peripher auf das Melanin. Ihr Ziel sind vornehmlich die Stammzellen, die neue Haare produzieren. Durch die hohe Impulsrate bei niedriger Energiedichte, kombiniert mit einer hohen Durchschnittsleistung, werden Haarfolikel allm\u00e4hlich erw\u00e4rmt und Blasenbildung oder Verbrennung werden vermieden. Man gleitet mit dem Handst\u00fcck \u00fcber das Behandlungsareal; die Haut wird w\u00e4hrend der Behandlung vorsichtshalber durch eine Saphir-Kontakt K\u00fchlung zus\u00e4tzlich gesch\u00fctzt. Leichter Druck beim Aufsetzen des Handst\u00fccks bringt die ben\u00f6tigte Kompression, um Blut und Gewebefl\u00fcssigkeiten die nicht erhitzt werden sollen, aus dem Behandlungsareal fernzuhalten.<\/p>\n<p><img loading=\"lazy\" decoding=\"async\" class=\"size-full wp-image-1789 alignleft\" src=\"http:\/\/www.estheticplus.ch\/haarentfernung\/wp-content\/uploads\/2017\/03\/lasers_image.jpg\" alt=\"\" width=\"260\" height=\"258\" srcset=\"https:\/\/www.estheticplus.ch\/web\/wp-content\/uploads\/2017\/03\/lasers_image.jpg 260w, https:\/\/www.estheticplus.ch\/web\/wp-content\/uploads\/2017\/03\/lasers_image-150x150.jpg 150w\" sizes=\"auto, (max-width: 260px) 100vw, 260px\" \/>Die verwendeten Lichtwellenl\u00e4ngen liegen im nahen Infrarotbereich und beinhalten garantiert keine UV- Strahlen.\u00a0 Die SHR Technologie erm\u00f6glicht eine gleichm\u00e4ssige Erw\u00e4rmung des Behandlungsareals auf 45\u00b0 C, wobei das Umgebungsgewebe als Energiereservoire dient. Die Temperatur der Haarpapillen und deren Stammzellen werden also auch von Umgebungsgewebe gehalten. Die neue \u201eGleittechnik\u201c In Motion \u2122 stellt einen Durchbruch in der dauerhaften Haarentfernung mit Licht dar. So kann dunkle oder sonnengebr\u00e4unte Haut effizient behandelt werden.[\/vc_column_text][vc_empty_space height=&#8220;48px&#8220;][\/vc_column][\/vc_row][vc_row css=&#8220;.vc_custom_1493036669915{background-position: center !important;background-repeat: no-repeat !important;background-size: contain !important;}&#8220;][vc_column][vc_column_text]<\/p>\n<h1>Cynosure\u00ae Plattformsystem<\/h1>\n<p>Cynosure\u00ae Plattform ist das Produkt einer lagen und konsequenten Linie von Fortschritten in der Technologie der permanenten Haarreduktion. Mit diesem System bieten wir Ihnen eine zuverl\u00e4ssige und leistungsf\u00e4hige L\u00f6sung zur effektiven Beseitigung von unerw\u00fcnschten Haaren f\u00fcr ein breites Spektrum von Haut &#8211; und Haartypen. <img loading=\"lazy\" decoding=\"async\" class=\"alignright size-medium wp-image-1833\" src=\"http:\/\/www.estheticplus.ch\/haarentfernung\/wp-content\/uploads\/2017\/03\/cinosure-e1493036845483-300x111.jpeg\" alt=\"\" width=\"300\" height=\"111\" srcset=\"https:\/\/www.estheticplus.ch\/web\/wp-content\/uploads\/2017\/03\/cinosure-e1493036845483-300x111.jpeg 300w, https:\/\/www.estheticplus.ch\/web\/wp-content\/uploads\/2017\/03\/cinosure-e1493036845483-768x285.jpeg 768w, https:\/\/www.estheticplus.ch\/web\/wp-content\/uploads\/2017\/03\/cinosure-e1493036845483-1024x380.jpeg 1024w\" sizes=\"auto, (max-width: 300px) 100vw, 300px\" \/>Der Vorteil dieses modernsten Systems ist das die Wellenl\u00e4nge genau auf Zielstruktur (die Haarwurzel) ausgerichtet ist und somit am gew\u00fcnschten Ort die maximale Wirkung erzielt, ohne umgebende Strukturen zu sch\u00e4digen.<\/p>\n<h4>Weitere Vorteile des Cynosure\u00ae Plattformsystems<\/h4>\n<ul>\n<li>Photonen-Recycling<sup>SM<\/sup>: maximiert Behandlungsergebnisse durch die Reduzierung des Energieverlustes.<\/li>\n<li>Das Skintel\u00ae Melanin Reader &#8211; ein revolution\u00e4res System mit dessen Hilfe der aktuelle Melaningehalt des Behandlungsareals gemessen werden kann. Die Daten werden drahtlos mittels Bluetooth an das Ger\u00e4t \u00fcbertragen. Anhand des Melanin- Indexes, der Haarfarbe,- dicke und -dichte ermittelt das System sichere und gleichzeitig effiziente Behandlungsparameter.<\/li>\n<\/ul>\n<p>[\/vc_column_text][vc_empty_space height=&#8220;48px&#8220;][\/vc_column][\/vc_row][vc_row][vc_column][vc_column_text]<\/p>\n<h1>Technologie LEO IPL<\/h1>\n<p><img loading=\"lazy\" decoding=\"async\" class=\"alignright\" src=\"http:\/\/www.estheticplus.ch\/archive\/content_images\/leo2.jpg\" alt=\"\" width=\"75\" height=\"100\" \/><\/p>\n<p><img loading=\"lazy\" decoding=\"async\" class=\"alignright\" src=\"http:\/\/www.estheticplus.ch\/archive\/content_images\/lovely2.jpg\" alt=\"\" width=\"250\" height=\"406\" \/><\/p>\n<p><strong>LEO (Light Energy Optimization) &#8211; die Innovation von Alma Lasers\u2122<\/strong><\/p>\n<p><img loading=\"lazy\" decoding=\"async\" class=\"alignleft\" style=\"margin-left: 5px; margin-right: 5px;\" src=\"http:\/\/www.estheticplus.ch\/archive\/content_images\/leo.jpg\" alt=\"\" width=\"57\" height=\"53\" \/>Die zwei patentierten Pr\u00e4zisionstechnologien ( AFT + EDF ) revolutionieren die herk\u00f6mmliche IPL-Technologie (z.B. massive reduktion der Nebenwirkungen) im Vergleich zu herk\u00f6mmlichen IPL-Systemen!<\/p>\n<p><strong>AFT (Advanced Fluorescence Technology)<\/strong><br \/>\nBei herk\u00f6mmlichen IPL Systemen werden die kurzen ungen\u00fctzten Wellenl\u00e4ngen herausgefiltert. Dadurch wird eine wesentlich h\u00f6here Energie ben\u00f6tigt um das Melanin im Haar zu erw\u00e4rmen. Dank einem speziellen Filtersystem werden bei den &#8222;Harmonie &#8211; Medizin&#8220; und &#8222;Harmonie &#8211; Kosmetik&#8220; Ger\u00e4ten diese ungen\u00fctzten, kurzen Wellenl\u00e4ngen in therapeutisches Licht umgewandelt.<br \/>\nDieses einzigartige Filtersystem bewirkt eine optimale Lichtpenetration in die Haut ohne unn\u00f6tige hohe, exzessive Energieabgaben. Die Epidermis wird dadurch besonders gesch\u00fctzt und es werden dadurch sichere, effektive klinische Ergebnisse erreicht.<\/p>\n<p><strong>\u00a0EDF (Equally Distributed Fluence)<\/strong><\/p>\n<p><img loading=\"lazy\" decoding=\"async\" class=\"alignleft\" src=\"http:\/\/www.estheticplus.ch\/archive\/content_images\/AFTEDF.jpg\" alt=\"aft\" width=\"200\" height=\"139\" \/><img loading=\"lazy\" decoding=\"async\" class=\"alignleft\" src=\"http:\/\/www.estheticplus.ch\/archive\/content_images\/EDF.jpg\" alt=\"edf\" width=\"200\" height=\"139\" \/><\/p>\n<p>&nbsp;<\/p>\n<p>&nbsp;<\/p>\n<p>&nbsp;<\/p>\n<p>Eine der gr\u00f6ssten Limitierungen der heutigen Pulstechnologie sind die Leistungsspitzen der einzelnen Pulse. Andere Pulssysteme arbeiten mit sehr kurzen Pulsbreiten (2-5ms) aber sehr hohen Leistungsspitzen, welche beachtliche Nebenwirkungen und Unannehmlichkeiten hervorrufen. Dank einer speziellen Elektronik ist es den Ingenieuren gelungen lange Pulsbreiten bei moderaten Leistungsspitzen zu erzeugen.<br \/>\nDadurch wirkt jeder einzelne Puls mit genau dosierter Leistungsspitze ausschliesslich im therapeutischen Bereich. Somit werden Nebenwirkungen und Unannehmlichkeiten auf ein Minimum reduziert. Ein spezieller Algorhythmus stabilisiert jeden einzelnen Teilpuls, damit die Energie nicht wie bei normalen IPL Systemen beim zweiten, dritten, etc. Teilpuls abf\u00e4llt, sondern \u00fcber die ganze Zeit der Pulsdauer konstant bleibt. Nur so ist garantiert, dass auch tiefer gelegene Haarwurzeln erreicht werden.<\/p>\n<p><strong>Der Nutzen f\u00fcr Sie?<\/strong><br \/>\n* Beste Behandlungsergebnisse<br \/>\n* geringste Nebenwirkungen[\/vc_column_text][\/vc_column][\/vc_row]<\/p>\n","protected":false},"excerpt":{"rendered":"<p>[vc_row][vc_column][vc_column_text]Israelische und US-amerikanische Ingenieure haben eine der F\u00fchrungsrollen in der Welt der Laser Hightech-Innovationen erlangt. Wir verwenden das Orginal &#8222;Made in USA&#8220;,&#8220;Made in Israel&#8220;. Firmen wie Alma Lasers\u2122 und Cynosure\u00ae geh\u00f6ren weltweit zur absoluten Topliga und entwickeln eine hochkar\u00e4tige Laserelektronik. Technologie SHR SHR \u2013 die IN-Motion\u2122 -Technologie von Alma Lasers\u2122 Die SHR Technologie zielt nur [&hellip;]<\/p>\n","protected":false},"author":1,"featured_media":0,"parent":0,"menu_order":0,"comment_status":"closed","ping_status":"closed","template":"","meta":{"_monsterinsights_skip_tracking":false,"_monsterinsights_sitenote_active":false,"_monsterinsights_sitenote_note":"","_monsterinsights_sitenote_category":0,"footnotes":""},"class_list":["post-1564","page","type-page","status-publish","hentry"],"aioseo_notices":[],"_links":{"self":[{"href":"https:\/\/www.estheticplus.ch\/web\/wp-json\/wp\/v2\/pages\/1564","targetHints":{"allow":["GET"]}}],"collection":[{"href":"https:\/\/www.estheticplus.ch\/web\/wp-json\/wp\/v2\/pages"}],"about":[{"href":"https:\/\/www.estheticplus.ch\/web\/wp-json\/wp\/v2\/types\/page"}],"author":[{"embeddable":true,"href":"https:\/\/www.estheticplus.ch\/web\/wp-json\/wp\/v2\/users\/1"}],"replies":[{"embeddable":true,"href":"https:\/\/www.estheticplus.ch\/web\/wp-json\/wp\/v2\/comments?post=1564"}],"version-history":[{"count":50,"href":"https:\/\/www.estheticplus.ch\/web\/wp-json\/wp\/v2\/pages\/1564\/revisions"}],"predecessor-version":[{"id":1890,"href":"https:\/\/www.estheticplus.ch\/web\/wp-json\/wp\/v2\/pages\/1564\/revisions\/1890"}],"wp:attachment":[{"href":"https:\/\/www.estheticplus.ch\/web\/wp-json\/wp\/v2\/media?parent=1564"}],"curies":[{"name":"wp","href":"https:\/\/api.w.org\/{rel}","templated":true}]}}